{"id":305,"date":"2016-10-23T12:24:59","date_gmt":"2016-10-23T10:24:59","guid":{"rendered":"http:\/\/parispapeterie.com\/?page_id=305"},"modified":"2016-10-23T12:24:59","modified_gmt":"2016-10-23T10:24:59","slug":"filofax","status":"publish","type":"page","link":"https:\/\/parispapeterie.com\/?page_id=305","title":{"rendered":"Filofax"},"content":{"rendered":"<p><img decoding=\"async\" loading=\"lazy\" class=\"aligncenter size-thumbnail wp-image-306\" src=\"https:\/\/i0.wp.com\/parispapeterie.com\/wp-content\/uploads\/2016\/10\/Sans-titre-1.png?resize=150%2C95\" alt=\"sans-titre\" width=\"150\" height=\"95\" data-recalc-dims=\"1\" \/><\/p>\n<blockquote>\n<p style=\"text-align: justify;\">L\u2019\u00e9tonnante popularit\u00e9 de Filofax pourrait laisser penser qu\u2019il s\u2019agit d\u2019un concept r\u00e9cent. Et pourtant ses origines remontent au lendemain de la 1\u00e8re guerre mondiale.<\/p>\n<p style=\"text-align: justify;\">En 1921, une soci\u00e9t\u00e9 bas\u00e9e \u00e0 Londres fut cr\u00e9\u00e9e afin de commercialiser par correspondance ce syst\u00e8me d&rsquo;organiseur de donn\u00e9es personnelles. En 1930 fut enregistr\u00e9e la marque Filofax, acronyme descriptif de ce syst\u00e8me original, \u00e0 savoir \u00ab file of facts \u00bb.<\/p>\n<p style=\"text-align: justify;\">La soci\u00e9t\u00e9 continua de prosp\u00e9rer et en 1987 elle comptait 1250 points de vente situ\u00e9s \u00e0 Londres. Les articles Filofax furent vendus par de prestigieux magasins dans le monde entier, parmi lesquels Harrods and Harvey Nichols \u00e0 Londres, Neiman Marcus and Bloomingdales aux Etats-Unis, Bon G\u00e9nie en Suisse, Galeries Lafayette \u00e0 Paris et Seibu au Japon.<\/p>\n<p style=\"text-align: justify;\"><strong>De simple agenda et carnet de notes \u00e0 feuilles volantes<\/strong>, l\u2019agenda organiseur Filofax s\u2019est ainsi d\u00e9velopp\u00e9 jusqu\u2019\u00e0 devenir une <strong>ic\u00f4ne incontournable des ann\u00e9es 80<\/strong>.<\/p>\n<\/blockquote>\n<p style=\"text-align: justify;\"> <img decoding=\"async\" loading=\"lazy\" class=\"aligncenter wp-image-309 size-large\" src=\"https:\/\/i0.wp.com\/parispapeterie.com\/wp-content\/uploads\/2016\/10\/1200-2-8.png?resize=780%2C334\" alt=\"1200-2\" width=\"780\" height=\"334\" srcset=\"https:\/\/i0.wp.com\/parispapeterie.com\/wp-content\/uploads\/2016\/10\/1200-2-8.png?resize=1024%2C439&amp;ssl=1 1024w, https:\/\/i0.wp.com\/parispapeterie.com\/wp-content\/uploads\/2016\/10\/1200-2-8.png?resize=300%2C129&amp;ssl=1 300w, https:\/\/i0.wp.com\/parispapeterie.com\/wp-content\/uploads\/2016\/10\/1200-2-8.png?resize=768%2C329&amp;ssl=1 768w, https:\/\/i0.wp.com\/parispapeterie.com\/wp-content\/uploads\/2016\/10\/1200-2-8.png?w=1200&amp;ssl=1 1200w\" sizes=\"(max-width: 780px) 100vw, 780px\" data-recalc-dims=\"1\" \/><\/p>\n<p style=\"text-align: right;\"><a href=\"http:\/\/www.filofax.fr\/\" target=\"_blank\">Visiter le site Filofax.fr<\/a><\/p>\n","protected":false},"excerpt":{"rendered":"<p>L\u2019\u00e9tonnante popularit\u00e9 de Filofax pourrait laisser penser qu\u2019il s\u2019agit d\u2019un concept r\u00e9cent. Et pourtant ses origines remontent au lendemain de la 1\u00e8re guerre mondiale. En 1921, une soci\u00e9t\u00e9 bas\u00e9e \u00e0 Londres fut cr\u00e9\u00e9e afin de commercialiser par correspondance ce syst\u00e8me d&rsquo;organiseur de donn\u00e9es personnelles. En 1930 fut enregistr\u00e9e la marque Filofax, acronyme descriptif de ce <a class=\"more-link\" href=\"https:\/\/parispapeterie.com\/?page_id=305\">Lire plus &#8230;<\/a><\/p>\n","protected":false},"author":1,"featured_media":308,"parent":77,"menu_order":0,"comment_status":"closed","ping_status":"closed","template":"","meta":{"jetpack_post_was_ever_published":false},"jetpack_sharing_enabled":true,"jetpack_shortlink":"https:\/\/wp.me\/P84ckW-4V","_links":{"self":[{"href":"https:\/\/parispapeterie.com\/index.php?rest_route=\/wp\/v2\/pages\/305"}],"collection":[{"href":"https:\/\/parispapeterie.com\/index.php?rest_route=\/wp\/v2\/pages"}],"about":[{"href":"https:\/\/parispapeterie.com\/index.php?rest_route=\/wp\/v2\/types\/page"}],"author":[{"embeddable":true,"href":"https:\/\/parispapeterie.com\/index.php?rest_route=\/wp\/v2\/users\/1"}],"replies":[{"embeddable":true,"href":"https:\/\/parispapeterie.com\/index.php?rest_route=%2Fwp%2Fv2%2Fcomments&post=305"}],"version-history":[{"count":3,"href":"https:\/\/parispapeterie.com\/index.php?rest_route=\/wp\/v2\/pages\/305\/revisions"}],"predecessor-version":[{"id":311,"href":"https:\/\/parispapeterie.com\/index.php?rest_route=\/wp\/v2\/pages\/305\/revisions\/311"}],"up":[{"embeddable":true,"href":"https:\/\/parispapeterie.com\/index.php?rest_route=\/wp\/v2\/pages\/77"}],"wp:featuredmedia":[{"embeddable":true,"href":"https:\/\/parispapeterie.com\/index.php?rest_route=\/wp\/v2\/media\/308"}],"wp:attachment":[{"href":"https:\/\/parispapeterie.com\/index.php?rest_route=%2Fwp%2Fv2%2Fmedia&parent=305"}],"curies":[{"name":"wp","href":"https:\/\/api.w.org\/{rel}","templated":true}]}}