{"id":87,"date":"2016-09-24T19:02:12","date_gmt":"2016-09-24T17:02:12","guid":{"rendered":"http:\/\/parispapeterie.com\/?page_id=87"},"modified":"2016-12-11T13:28:24","modified_gmt":"2016-12-11T12:28:24","slug":"jeunesse","status":"publish","type":"page","link":"https:\/\/parispapeterie.com\/?page_id=87","title":{"rendered":"Jeunesse"},"content":{"rendered":"<p>D\u00e9couvrez notre collection jeunesse !<\/p>\n<table style=\"border: 0px;\">\n<tbody>\n<tr style=\"border: 0px;\">\n<td style=\"border: 0px;\"><a href=\"http:\/\/parispapeterie.com\/?page_id=407\"><img decoding=\"async\" loading=\"lazy\" class=\"aligncenter wp-image-422 size-medium\" src=\"https:\/\/i0.wp.com\/parispapeterie.com\/wp-content\/uploads\/2016\/09\/700-4.png?resize=300%2C169\" width=\"300\" height=\"169\" srcset=\"https:\/\/i0.wp.com\/parispapeterie.com\/wp-content\/uploads\/2016\/09\/700-4.png?resize=300%2C169&amp;ssl=1 300w, https:\/\/i0.wp.com\/parispapeterie.com\/wp-content\/uploads\/2016\/09\/700-4.png?resize=350%2C197&amp;ssl=1 350w, https:\/\/i0.wp.com\/parispapeterie.com\/wp-content\/uploads\/2016\/09\/700-4.png?w=700&amp;ssl=1 700w\" sizes=\"(max-width: 300px) 100vw, 300px\" data-recalc-dims=\"1\" \/><\/a><\/td>\n<td style=\"border: 0px;\"><a href=\"http:\/\/parispapeterie.com\/?page_id=400\"><img decoding=\"async\" loading=\"lazy\" class=\"aligncenter wp-image-423 size-medium\" src=\"https:\/\/i0.wp.com\/parispapeterie.com\/wp-content\/uploads\/2016\/09\/700-5.png?resize=300%2C169\" width=\"300\" height=\"169\" srcset=\"https:\/\/i0.wp.com\/parispapeterie.com\/wp-content\/uploads\/2016\/09\/700-5.png?resize=300%2C169&amp;ssl=1 300w, https:\/\/i0.wp.com\/parispapeterie.com\/wp-content\/uploads\/2016\/09\/700-5.png?resize=350%2C197&amp;ssl=1 350w, https:\/\/i0.wp.com\/parispapeterie.com\/wp-content\/uploads\/2016\/09\/700-5.png?w=700&amp;ssl=1 700w\" sizes=\"(max-width: 300px) 100vw, 300px\" data-recalc-dims=\"1\" \/><\/a><\/td>\n<\/tr>\n<tr style=\"border: 0px;\">\n<td style=\"border: 0px;\">\n<p style=\"text-align: center;\"><a href=\"http:\/\/parispapeterie.com\/?page_id=407\"><strong>Avenue Mandarine<\/strong><\/a><br \/>\nMarque de jeux ludo-\u00e9ducatifs aux lignes sobres, \u00e9l\u00e9gantes,<br \/>\net aux contenus bien pens\u00e9s.<\/p>\n<\/td>\n<td style=\"border: 0px;\">\n<p style=\"text-align: center;\"><a href=\"http:\/\/parispapeterie.com\/?page_id=400\"><strong>Asmodee<\/strong><\/a><br \/>\nLes grands classiques des jeux de soci\u00e9t\u00e9s Asmodee !<\/p>\n<\/td>\n<\/tr>\n<tr style=\"border: 0px;\">\n<td style=\"border: 0px;\"><a href=\"http:\/\/parispapeterie.com\/?page_id=403\"><img decoding=\"async\" loading=\"lazy\" class=\"aligncenter wp-image-424 size-medium\" src=\"https:\/\/i0.wp.com\/parispapeterie.com\/wp-content\/uploads\/2016\/09\/700-6.png?resize=300%2C169\" width=\"300\" height=\"169\" srcset=\"https:\/\/i0.wp.com\/parispapeterie.com\/wp-content\/uploads\/2016\/09\/700-6.png?resize=300%2C169&amp;ssl=1 300w, https:\/\/i0.wp.com\/parispapeterie.com\/wp-content\/uploads\/2016\/09\/700-6.png?resize=350%2C197&amp;ssl=1 350w, https:\/\/i0.wp.com\/parispapeterie.com\/wp-content\/uploads\/2016\/09\/700-6.png?w=700&amp;ssl=1 700w\" sizes=\"(max-width: 300px) 100vw, 300px\" data-recalc-dims=\"1\" \/><\/a><\/td>\n<td style=\"border: 0px;\"><a href=\"http:\/\/parispapeterie.com\/?page_id=449\"><img decoding=\"async\" loading=\"lazy\" class=\"aligncenter wp-image-467 size-medium\" src=\"https:\/\/i0.wp.com\/parispapeterie.com\/wp-content\/uploads\/2016\/09\/700-vilac_papeteri_ecole_militaire.png?resize=300%2C169\" width=\"300\" height=\"169\" srcset=\"https:\/\/i0.wp.com\/parispapeterie.com\/wp-content\/uploads\/2016\/09\/700-vilac_papeteri_ecole_militaire.png?resize=300%2C169&amp;ssl=1 300w, https:\/\/i0.wp.com\/parispapeterie.com\/wp-content\/uploads\/2016\/09\/700-vilac_papeteri_ecole_militaire.png?resize=350%2C197&amp;ssl=1 350w, https:\/\/i0.wp.com\/parispapeterie.com\/wp-content\/uploads\/2016\/09\/700-vilac_papeteri_ecole_militaire.png?w=700&amp;ssl=1 700w\" sizes=\"(max-width: 300px) 100vw, 300px\" data-recalc-dims=\"1\" \/><\/a><\/td>\n<\/tr>\n<tr style=\"border: 0px;\">\n<td style=\"border: 0px;\">\n<p style=\"text-align: center;\"><a href=\"http:\/\/parispapeterie.com\/?page_id=403\"><strong>Gigamic<\/strong><\/a><br \/>\nRetrouver le plaisir d\u2019\u00eatre en famille gr\u00e2ce<br \/>\naux jeux de soci\u00e9t\u00e9 Gigamic !<\/p>\n<\/td>\n<td style=\"border: 0px;\">\n<p style=\"text-align: center;\"><a href=\"http:\/\/parispapeterie.com\/?page_id=449\"><strong>Vilac<\/strong><\/a><br \/>\nRed\u00e9couvrez de fabuleux jouets en bois.<\/p>\n<\/td>\n<\/tr>\n<tr style=\"border: 0px;\">\n<td style=\"border: 0px;\"><a href=\"http:\/\/parispapeterie.com\/?page_id=463\"><img decoding=\"async\" loading=\"lazy\" class=\"aligncenter wp-image-465 size-thumbnail\" src=\"https:\/\/i0.wp.com\/parispapeterie.com\/wp-content\/uploads\/2016\/12\/12662584_1159676887376999_8156079278182244406_n.png?resize=150%2C150\" width=\"150\" height=\"150\" srcset=\"https:\/\/i0.wp.com\/parispapeterie.com\/wp-content\/uploads\/2016\/12\/12662584_1159676887376999_8156079278182244406_n.png?resize=150%2C150&amp;ssl=1 150w, https:\/\/i0.wp.com\/parispapeterie.com\/wp-content\/uploads\/2016\/12\/12662584_1159676887376999_8156079278182244406_n.png?resize=300%2C300&amp;ssl=1 300w, https:\/\/i0.wp.com\/parispapeterie.com\/wp-content\/uploads\/2016\/12\/12662584_1159676887376999_8156079278182244406_n.png?resize=200%2C200&amp;ssl=1 200w, https:\/\/i0.wp.com\/parispapeterie.com\/wp-content\/uploads\/2016\/12\/12662584_1159676887376999_8156079278182244406_n.png?w=720&amp;ssl=1 720w\" sizes=\"(max-width: 150px) 100vw, 150px\" data-recalc-dims=\"1\" \/><\/a><\/td>\n<td style=\"border: 0px;\"><\/td>\n<\/tr>\n<tr style=\"border: 0px;\">\n<td style=\"border: 0px;\">\n<p style=\"text-align: center;\"><a href=\"http:\/\/parispapeterie.com\/?page_id=463\"><strong>Editions Lito<\/strong><\/a><br \/>\nUne collection de livres jeunesses \u00e0 lire et \u00e0 relire !<\/p>\n<\/td>\n<td style=\"border: 0px;\">\n<p style=\"text-align: center;\">\n<\/td>\n<\/tr>\n<\/tbody>\n<\/table>\n<p>Et encore plus en boutique !<\/p>\n","protected":false},"excerpt":{"rendered":"<p>D\u00e9couvrez notre collection jeunesse ! Avenue Mandarine Marque de jeux ludo-\u00e9ducatifs aux lignes sobres, \u00e9l\u00e9gantes, et aux contenus bien pens\u00e9s. Asmodee Les grands classiques des jeux de soci\u00e9t\u00e9s Asmodee ! Gigamic Retrouver le plaisir d\u2019\u00eatre en famille gr\u00e2ce aux jeux de soci\u00e9t\u00e9 Gigamic ! Vilac Red\u00e9couvrez de fabuleux jouets en bois. Editions Lito Une collection <a class=\"more-link\" href=\"https:\/\/parispapeterie.com\/?page_id=87\">Lire plus &#8230;<\/a><\/p>\n","protected":false},"author":1,"featured_media":425,"parent":0,"menu_order":0,"comment_status":"closed","ping_status":"closed","template":"","meta":{"jetpack_post_was_ever_published":false},"jetpack_sharing_enabled":true,"jetpack_shortlink":"https:\/\/wp.me\/P84ckW-1p","_links":{"self":[{"href":"https:\/\/parispapeterie.com\/index.php?rest_route=\/wp\/v2\/pages\/87"}],"collection":[{"href":"https:\/\/parispapeterie.com\/index.php?rest_route=\/wp\/v2\/pages"}],"about":[{"href":"https:\/\/parispapeterie.com\/index.php?rest_route=\/wp\/v2\/types\/page"}],"author":[{"embeddable":true,"href":"https:\/\/parispapeterie.com\/index.php?rest_route=\/wp\/v2\/users\/1"}],"replies":[{"embeddable":true,"href":"https:\/\/parispapeterie.com\/index.php?rest_route=%2Fwp%2Fv2%2Fcomments&post=87"}],"version-history":[{"count":5,"href":"https:\/\/parispapeterie.com\/index.php?rest_route=\/wp\/v2\/pages\/87\/revisions"}],"predecessor-version":[{"id":468,"href":"https:\/\/parispapeterie.com\/index.php?rest_route=\/wp\/v2\/pages\/87\/revisions\/468"}],"wp:featuredmedia":[{"embeddable":true,"href":"https:\/\/parispapeterie.com\/index.php?rest_route=\/wp\/v2\/media\/425"}],"wp:attachment":[{"href":"https:\/\/parispapeterie.com\/index.php?rest_route=%2Fwp%2Fv2%2Fmedia&parent=87"}],"curies":[{"name":"wp","href":"https:\/\/api.w.org\/{rel}","templated":true}]}}